{"id":2167,"date":"2015-03-12T14:52:34","date_gmt":"2015-03-12T14:52:34","guid":{"rendered":"http:\/\/demo-content.kaliumtheme.com\/photography\/?page_id=2167"},"modified":"2025-12-03T14:18:03","modified_gmt":"2025-12-03T13:18:03","slug":"about-me","status":"publish","type":"page","link":"https:\/\/pawlowskimarcin.com\/fr\/about-me\/","title":{"rendered":"Qui suis-je?"},"content":{"rendered":"<div class=\"wpb-content-wrapper\"><p>[vc_row full_width=\u00a0\u00bbstretch_row_content_no_spaces\u00a0\u00bb][vc_column][vc_empty_space height=\u00a0\u00bb70px\u00a0\u00bb][\/vc_column][\/vc_row][vc_row full_width=\u00a0\u00bbstretch_row_content_no_spaces\u00a0\u00bb][vc_column][vc_single_image image=\u00a0\u00bb4608&Prime; img_size=\u00a0\u00bblarge\u00a0\u00bb alignment=\u00a0\u00bbcenter\u00a0\u00bb][\/vc_column][\/vc_row][vc_row full_height=\u00a0\u00bbyes\u00a0\u00bb content_placement=\u00a0\u00bbtop\u00a0\u00bb no_bottom_margin=\u00a0\u00bbyes\u00a0\u00bb css=\u00a0\u00bb.vc_custom_1764757889246{margin-top: 0px !important;border-top-width: 0px !important;background-color: rgba(0,0,0,0.8) !important;background-position: center !important;background-repeat: no-repeat !important;background-size: cover !important;*background-color: rgb(0,0,0) !important;border-top-color: #ffffff !important;}\u00a0\u00bb][vc_column reveal_effect=\u00a0\u00bb\u00a0\u00bb css=\u00a0\u00bb.vc_custom_1764757846762{margin-top: 0px !important;border-top-width: 0px !important;padding-top: 0px !important;background-color: #0a0a0a !important;}\u00a0\u00bb][vc_column_text css=\u00a0\u00bb.vc_custom_1764757835160{background-color: #0a0a0a !important;}\u00a0\u00bb]<\/p>\n<h3 style=\"text-align: center;\">&#8211; Marcin Andrzej PAW\u0141OWSKI &#8211;<\/h3>\n<p style=\"text-align: center;\">photographer of space<\/p>\n<p>[\/vc_column_text][vc_column_text css=\u00a0\u00bb.vc_custom_1764758414640{background-color: #0a0a0a !important;}\u00a0\u00bb]<\/p>\n<p class=\"font-claude-response-body whitespace-normal break-words\">Bonjour ! Bienvenue sur mon site. Je suis photographe bas\u00e9 \u00e0 Paris, sp\u00e9cialis\u00e9 dans la photographie d&rsquo;architecture et d&rsquo;am\u00e9nagement int\u00e9rieur.<\/p>\n<p class=\"font-claude-response-body whitespace-normal break-words\">Les b\u00e2timents m&rsquo;ont toujours fascin\u00e9\u2014au point que j&rsquo;ai d\u00e9cid\u00e9 de devenir architecte. Durant mes \u00e9tudes en Pologne et en France, la photographie est devenue un outil essentiel pour documenter le travail d&rsquo;autres architectes et exprimer mon propre regard sur leurs cr\u00e9ations. Au fil du temps, cette passion s&rsquo;est transform\u00e9e en ma profession et mon activit\u00e9 principale.<\/p>\n<p class=\"font-claude-response-body whitespace-normal break-words\">J&rsquo;aborde les espaces avec l&rsquo;\u0153il d&rsquo;un architecte et les capture avec les comp\u00e9tences et l&rsquo;\u00e9quipement d&rsquo;un photographe professionnel.<\/p>\n<p class=\"font-claude-response-body whitespace-normal break-words\">Ci-dessous, vous trouverez des r\u00e9alisations de clients qui m&rsquo;ont fait confiance avec leurs projets\u2014et qui n&rsquo;ont pas \u00e9t\u00e9 d\u00e9\u00e7us. Que vous soyez architecte, architecte d&rsquo;int\u00e9rieur ou propri\u00e9taire immobilier, je serais ravi d&rsquo;\u00e9changer sur la mani\u00e8re dont je peux mettre en valeur vos espaces.<\/p>\n<p>[\/vc_column_text][lab_vc_social_networks display_type=\u00a0\u00bbrounded-icons\u00a0\u00bb el_class=\u00a0\u00bbsocial-networks rounded\u00a0\u00bb][vc_column_text]<\/p>\n<p style=\"text-align: center;\">Here&rsquo;s the list of my clients, click on the icon to visit their vebsite:<\/p>\n<p>[\/vc_column_text][vc_row_inner][vc_column_inner width=\u00a0\u00bb1\/5&Prime;][vc_single_image image=\u00a0\u00bb4667&Prime; img_size=\u00a0\u00bbmedium\u00a0\u00bb alignment=\u00a0\u00bbcenter\u00a0\u00bb style=\u00a0\u00bbvc_box_rounded\u00a0\u00bb][\/vc_column_inner][vc_column_inner width=\u00a0\u00bb1\/5&Prime;][vc_single_image image=\u00a0\u00bb4674&Prime; img_size=\u00a0\u00bbmedium\u00a0\u00bb alignment=\u00a0\u00bbcenter\u00a0\u00bb onclick=\u00a0\u00bbcustom_link\u00a0\u00bb img_link_target=\u00a0\u00bb_blank\u00a0\u00bb link=\u00a0\u00bbhttp:\/\/http:\/\/www.ap-archi.fr\/\u00a0\u00bb][\/vc_column_inner][vc_column_inner width=\u00a0\u00bb1\/5&Prime;][vc_single_image image=\u00a0\u00bb4671&Prime; img_size=\u00a0\u00bbmedium\u00a0\u00bb alignment=\u00a0\u00bbcenter\u00a0\u00bb onclick=\u00a0\u00bbcustom_link\u00a0\u00bb img_link_target=\u00a0\u00bb_blank\u00a0\u00bb link=\u00a0\u00bbhttp:\/\/raumwerk.net\u00a0\u00bb][\/vc_column_inner][vc_column_inner width=\u00a0\u00bb1\/5&Prime;][vc_single_image image=\u00a0\u00bb4672&Prime; img_size=\u00a0\u00bbmedium\u00a0\u00bb alignment=\u00a0\u00bbcenter\u00a0\u00bb onclick=\u00a0\u00bbcustom_link\u00a0\u00bb link=\u00a0\u00bbhttp:\/\/international-darchitecture.com\u00a0\u00bb][\/vc_column_inner][vc_column_inner width=\u00a0\u00bb1\/5&Prime;][vc_single_image image=\u00a0\u00bb4673&Prime; img_size=\u00a0\u00bbmedium\u00a0\u00bb alignment=\u00a0\u00bbcenter\u00a0\u00bb onclick=\u00a0\u00bbcustom_link\u00a0\u00bb img_link_target=\u00a0\u00bb_blank\u00a0\u00bb link=\u00a0\u00bbhttp:\/\/www.bubba-dizajn.com\/\u00a0\u00bb][\/vc_column_inner][\/vc_row_inner][vc_row_inner][vc_column_inner width=\u00a0\u00bb1\/5&Prime;][vc_single_image image=\u00a0\u00bb4668&Prime; img_size=\u00a0\u00bbmedium\u00a0\u00bb alignment=\u00a0\u00bbcenter\u00a0\u00bb onclick=\u00a0\u00bbcustom_link\u00a0\u00bb img_link_target=\u00a0\u00bb_blank\u00a0\u00bb link=\u00a0\u00bbhttp:\/\/sobkowiakarchitektura.pl\/\u00a0\u00bb][\/vc_column_inner][vc_column_inner width=\u00a0\u00bb1\/5&Prime;][vc_single_image image=\u00a0\u00bb4670&Prime; img_size=\u00a0\u00bbmedium\u00a0\u00bb alignment=\u00a0\u00bbcenter\u00a0\u00bb onclick=\u00a0\u00bbcustom_link\u00a0\u00bb img_link_target=\u00a0\u00bb_blank\u00a0\u00bb link=\u00a0\u00bbhttp:\/\/www.buck.pl\u00a0\u00bb][\/vc_column_inner][vc_column_inner width=\u00a0\u00bb1\/5&Prime;][vc_single_image image=\u00a0\u00bb4677&Prime; img_size=\u00a0\u00bbmedium\u00a0\u00bb alignment=\u00a0\u00bbcenter\u00a0\u00bb onclick=\u00a0\u00bbcustom_link\u00a0\u00bb img_link_target=\u00a0\u00bb_blank\u00a0\u00bb link=\u00a0\u00bbhttp:\/\/baetzetchardin.free.fr\u00a0\u00bb][\/vc_column_inner][vc_column_inner width=\u00a0\u00bb1\/5&Prime;][vc_single_image image=\u00a0\u00bb4676&Prime; img_size=\u00a0\u00bbmedium\u00a0\u00bb alignment=\u00a0\u00bbcenter\u00a0\u00bb onclick=\u00a0\u00bbcustom_link\u00a0\u00bb img_link_target=\u00a0\u00bb_blank\u00a0\u00bb link=\u00a0\u00bbhttp:\/\/ccmontage.com.pl\/\u00a0\u00bb][\/vc_column_inner][vc_column_inner width=\u00a0\u00bb1\/5&Prime;][vc_single_image image=\u00a0\u00bb4675&Prime; img_size=\u00a0\u00bbmedium\u00a0\u00bb alignment=\u00a0\u00bbcenter\u00a0\u00bb onclick=\u00a0\u00bbcustom_link\u00a0\u00bb img_link_target=\u00a0\u00bb_blank\u00a0\u00bb link=\u00a0\u00bbhttp:\/\/www.grupahybryda.com\/\u00a0\u00bb][\/vc_column_inner][\/vc_row_inner][\/vc_column][\/vc_row][vc_row][vc_column][vc_column_text][\/vc_column_text][\/vc_column][\/vc_row][vc_row][vc_column][\/vc_column][\/vc_row][vc_row][vc_column][vc_column_text][\/vc_column_text][\/vc_column][\/vc_row]<\/p>\n<\/div>","protected":false},"excerpt":{"rendered":"<p>[vc_row full_width=\u00a0\u00bbstretch_row_content_no_spaces\u00a0\u00bb][vc_column][vc_empty_space height=\u00a0\u00bb70px\u00a0\u00bb][\/vc_column][\/vc_row][vc_row full_width=\u00a0\u00bbstretch_row_content_no_spaces\u00a0\u00bb][vc_column][vc_single_image image=\u00a0\u00bb4608&Prime; img_size=\u00a0\u00bblarge\u00a0\u00bb alignment=\u00a0\u00bbcenter\u00a0\u00bb][\/vc_column][\/vc_row][vc_row full_height=\u00a0\u00bbyes\u00a0\u00bb content_placement=\u00a0\u00bbtop\u00a0\u00bb no_bottom_margin=\u00a0\u00bbyes\u00a0\u00bb css=\u00a0\u00bb.vc_custom_1764757889246{margin-top: 0px !important;border-top-width: 0px !important;background-color: rgba(0,0,0,0.8) !important;background-position: center !important;background-repeat: no-repeat !important;background-size: cover !important;*background-color: rgb(0,0,0) !important;border-top-color: #ffffff !important;}\u00a0\u00bb][vc_column reveal_effect=\u00a0\u00bb\u00a0\u00bb css=\u00a0\u00bb.vc_custom_1764757846762{margin-top: 0px !important;border-top-width: 0px !important;padding-top: 0px !important;background-color: #0a0a0a !important;}\u00a0\u00bb][vc_column_text css=\u00a0\u00bb.vc_custom_1764757835160{background-color: #0a0a0a !important;}\u00a0\u00bb] &#8211; Marcin Andrzej PAW\u0141OWSKI &#8211; photographer of space [\/vc_column_text][vc_column_text css=\u00a0\u00bb.vc_custom_1764758414640{background-color: #0a0a0a !important;}\u00a0\u00bb] Bonjour ! Bienvenue&hellip;<\/p>\n","protected":false},"author":1,"featured_media":0,"parent":0,"menu_order":0,"comment_status":"open","ping_status":"closed","template":"","meta":{"_acf_changed":false,"footnotes":""},"class_list":["post-2167","page","type-page","status-publish","hentry"],"acf":[],"_links":{"self":[{"href":"https:\/\/pawlowskimarcin.com\/fr\/wp-json\/wp\/v2\/pages\/2167","targetHints":{"allow":["GET"]}}],"collection":[{"href":"https:\/\/pawlowskimarcin.com\/fr\/wp-json\/wp\/v2\/pages"}],"about":[{"href":"https:\/\/pawlowskimarcin.com\/fr\/wp-json\/wp\/v2\/types\/page"}],"author":[{"embeddable":true,"href":"https:\/\/pawlowskimarcin.com\/fr\/wp-json\/wp\/v2\/users\/1"}],"replies":[{"embeddable":true,"href":"https:\/\/pawlowskimarcin.com\/fr\/wp-json\/wp\/v2\/comments?post=2167"}],"version-history":[{"count":59,"href":"https:\/\/pawlowskimarcin.com\/fr\/wp-json\/wp\/v2\/pages\/2167\/revisions"}],"predecessor-version":[{"id":4679,"href":"https:\/\/pawlowskimarcin.com\/fr\/wp-json\/wp\/v2\/pages\/2167\/revisions\/4679"}],"wp:attachment":[{"href":"https:\/\/pawlowskimarcin.com\/fr\/wp-json\/wp\/v2\/media?parent=2167"}],"curies":[{"name":"wp","href":"https:\/\/api.w.org\/{rel}","templated":true}]}}